{"id":1138,"date":"2021-01-09T20:33:13","date_gmt":"2021-01-09T20:33:13","guid":{"rendered":"http:\/\/zphceramex.pl\/?page_id=1138"},"modified":"2021-01-25T08:51:38","modified_gmt":"2021-01-25T08:51:38","slug":"privacy-policy","status":"publish","type":"page","link":"https:\/\/zphceramex.pl\/en\/privacy-policy\/","title":{"rendered":"Privacy policy"},"content":{"rendered":"<p>[vc_row css=&#8221;.vc_custom_1610177196014{padding-top: 0px !important;padding-bottom: 0px !important;}&#8221;][vc_column][vc_separator]<div id=\"ultimate-heading-656169f219dd59fdd\" class=\"uvc-heading ult-adjust-bottom-margin ultimate-heading-656169f219dd59fdd uvc-9286  uvc-heading-default-font-sizes\" data-hspacer=\"no_spacer\"  data-halign=\"left\" style=\"text-align:left\"><div class=\"uvc-heading-spacer no_spacer\" style=\"top\"><\/div><div class=\"uvc-main-heading ult-responsive\"  data-ultimate-target='.uvc-heading.ultimate-heading-656169f219dd59fdd h3'  data-responsive-json-new='{\"font-size\":\"\",\"line-height\":\"\"}' ><h3 style=\"--font-weight:theme;margin-bottom:20px;\">Privacy policy<\/h3><\/div><\/div>[\/vc_column][\/vc_row][vc_row css=&#8221;.vc_custom_1610177287309{padding-top: 20px !important;padding-bottom: 0px !important;}&#8221;][vc_column][vc_column_text]By asking us to send you an offer or by undertaking commercial cooperation, you have provided us with your personal data. Therefore, we inform you how we will process them<\/p>\n<p><strong>Administrator&#8217;s data:<\/strong><br \/>\nZPH CERAMEX Alina Cugier with its seat in Wilk\u00f3w Polski, ul. Ko\u015bcia\u0144ska 5, 64-050 Wilkowo Polskie, phone: 61 44 34 239, email: <a href=\"&#109;&#x61;i&#108;&#x74;o&#58;&#x63;e&#114;&#x61;m&#101;&#x78;&#64;&#119;&#x70;&#46;&#112;&#x6c;\">&#x63;&#x65;&#x72;&#97;&#109;&#101;x&#64;&#x77;&#x70;&#x2e;&#x70;&#108;<\/a><\/p>\n<p><strong>Purposes and legal grounds for processing Personal Data:<\/strong><br \/>\nPersonal data will be processed for purposes related to running a business and business cooperation, including marketing, regarding in particular:<br \/>\n1.preparation and transfer of a commercial and marketing offer, execution of orders and conducting commercial transactions and their monitoring, providing customers with up-to-date information about changes in the offer or terms of cooperation (pursuant to Article 6 (1) (a) of the GDPR)<br \/>\n2.compliance with tax and settlement obligations, in accordance with art. 6 sec. 1 lit. c) GDPR:<br \/>\n3. for analytical purposes, i.e. better selection of products or services to customer needs, and optimization of service processes, assessment of our market activities (pursuant to Article 6 (1) (f) of the GDPR)<br \/>\n4.investigating or defending against possible claims (pursuant to Article 6 (1) (f) of the GDPR.<\/p>\n<p><strong>Categories of Personal Data processed<\/strong><br \/>\nFor the indicated purposes, we will process the following categories of Personal Data:<br \/>\na) identification data: name, surname, name, address of the registered office and commercial outlets, NIP (tax identification number)<br \/>\nb) contact details: e-mail address, telephone number.<\/p>\n<p><strong>Data transfer<\/strong><br \/>\nYour personal data may be made available to state offices operating on the basis of the law. Personal data may also be made available to entities and persons cooperating with the Administrator as part of running a business: accounting office, banks, courier companies, other subcontractors acting on behalf of the administrator.<\/p>\n<p><strong>Data processing period<\/strong><br \/>\nThe data will be processed until the purpose for which they were collected ceases to exist or until the objection to the processing of the data of the data subject ceases to exist, whichever occurs first.<\/p>\n<p><strong>Rights related to the processing of personal data<\/strong><br \/>\nEveryone has the right to request the Administrator to access personal data, rectify it, delete it, limit processing, as well as the right to transfer data and object to processing, or for the period required by applicable law (e.g. tax accounting regulations)<br \/>\nYou can exercise your rights by submitting a request to the e-mail address provided. In the event of a notification, we will use our best endeavors to resolve the request as quickly as possible. However, the request is not always feasible. For example, the right to delete data cannot be exercised if we are required to store data on the basis of a legal provision.<\/p>\n<p><strong>Other informations:<\/strong><br \/>\nIn the scope of the above purposes, the provision of data is voluntary, but necessary to prepare an offer and start cooperation. In case of any questions, comments or doubts, please contact us by e-mail: <a href=\"mai&#108;&#116;&#111;&#x3a;&#x63;&#x65;&#x72;&#x61;&#x6d;ex&#64;&#119;&#112;&#46;&#112;&#x6c;\">&#99;&#x65;&#114;&#x61;&#109;&#x65;&#120;&#x40;&#119;&#x70;&#46;&#x70;&#108;<\/a>, or by phone: 609 694 949[\/vc_column_text][vc_separator][\/vc_column][\/vc_row]<\/p>\n","protected":false},"excerpt":{"rendered":"<p>[vc_row css=&#8221;.vc_custom_1610177196014{padding-top: 0px !important;padding-bottom: 0px !important;}&#8221;][vc_column][vc_separator][\/vc_column][\/vc_row][vc_row css=&#8221;.vc_custom_1610177287309{padding-top: 20px !important;padding-bottom: 0px !important;}&#8221;][vc_column][vc_column_text]By asking us to send you an offer or by undertaking commercial cooperation, you have provided us with your personal data. Therefore, we inform you how we will process them Administrator&#8217;s data: ZPH CERAMEX Alina Cugier with its seat in Wilk\u00f3w Polski, ul. Ko\u015bcia\u0144ska 5,&hellip;<\/p>\n","protected":false},"author":1,"featured_media":0,"parent":0,"menu_order":0,"comment_status":"closed","ping_status":"closed","template":"","meta":[],"class_list":["post-1138","page","type-page","status-publish","hentry","description-off"],"_links":{"self":[{"href":"https:\/\/zphceramex.pl\/en\/wp-json\/wp\/v2\/pages\/1138\/"}],"collection":[{"href":"https:\/\/zphceramex.pl\/en\/wp-json\/wp\/v2\/pages\/"}],"about":[{"href":"https:\/\/zphceramex.pl\/en\/wp-json\/wp\/v2\/types\/page\/"}],"author":[{"embeddable":true,"href":"https:\/\/zphceramex.pl\/en\/wp-json\/wp\/v2\/users\/1\/"}],"replies":[{"embeddable":true,"href":"https:\/\/zphceramex.pl\/en\/wp-json\/wp\/v2\/comments\/?post=1138"}],"version-history":[{"count":0,"href":"https:\/\/zphceramex.pl\/en\/wp-json\/wp\/v2\/pages\/1138\/revisions\/"}],"wp:attachment":[{"href":"https:\/\/zphceramex.pl\/en\/wp-json\/wp\/v2\/media\/?parent=1138"}],"curies":[{"name":"wp","href":"https:\/\/api.w.org\/{rel}","templated":true}]}}